{"id":13,"date":"2015-02-26T20:02:38","date_gmt":"2015-02-26T20:02:38","guid":{"rendered":"http:\/\/webuild.netbee.shop\/demo\/?page_id=13"},"modified":"2023-01-05T20:12:46","modified_gmt":"2023-01-05T20:12:46","slug":"sobre-nos","status":"publish","type":"page","link":"https:\/\/artalu.pt\/fr\/sobre-nos\/","title":{"rendered":"Sobre n\u00f3s"},"content":{"rendered":"<div class=\"wpb-content-wrapper\"><div class=\"vc_row wpb_row vc_row-fluid vc_row-no-padding\"  data-vc-full-width=\"true\" data-vc-stretch-content=\"true\"><div class=\"wpb_column vc_column_container vc_col-sm-6\"><div class=\"vc_column-inner\"><div class=\"wpb_wrapper\">\n\t<div  class=\"wpb_single_image wpb_content_element vc_align_left\">\n\t\t\n\t\t<figure class=\"wpb_wrapper vc_figure\">\n\t\t\t<div class=\"vc_single_image-wrapper   vc_box_border_grey\"><img loading=\"lazy\" decoding=\"async\" width=\"800\" height=\"600\" src=\"https:\/\/artalu.pt\/wp-content\/uploads\/2015\/03\/61.jpg\" class=\"vc_single_image-img attachment-full\" alt=\"\" title=\"\" srcset=\"https:\/\/artalu.pt\/wp-content\/uploads\/2015\/03\/61.jpg 800w, https:\/\/artalu.pt\/wp-content\/uploads\/2015\/03\/61-300x225.jpg 300w, https:\/\/artalu.pt\/wp-content\/uploads\/2015\/03\/61-768x576.jpg 768w\" sizes=\"auto, (max-width: 800px) 100vw, 800px\" \/><\/div>\n\t\t<\/figure>\n\t<\/div>\n<\/div><\/div><\/div><div class=\"wpb_column vc_column_container vc_col-sm-6\"><div class=\"vc_column-inner vc_custom_1596859319827\"><div class=\"wpb_wrapper\"><div id=\"ultimate-heading-817869f18a29eddb2\" class=\"uvc-heading ult-adjust-bottom-margin ultimate-heading-817869f18a29eddb2 uvc-4223\" data-hspacer=\"no_spacer\"  data-halign=\"left\" style=\"text-align:left\"><div class=\"uvc-heading-spacer no_spacer\" style=\"top\"><\/div><div class=\"uvc-main-heading ult-responsive\"  data-ultimate-target='.uvc-heading.ultimate-heading-817869f18a29eddb2 h2'  data-responsive-json-new='{\"font-size\":\"desktop:26px;\",\"line-height\":\"\"}' ><h2 style=\"font-family:&#039;Lato&#039;;font-weight:900;margin-bottom:30px;\">Plus de 25 ans d&#039;histoire.<\/h2><\/div><div class=\"uvc-sub-heading ult-responsive\"  data-ultimate-target='.uvc-heading.ultimate-heading-817869f18a29eddb2 .uvc-sub-heading '  data-responsive-json-new='{\"font-size\":\"\",\"line-height\":\"desktop:24px;\"}'  style=\"font-weight:normal;margin-bottom:30px;\">La cr\u00e9ation de l'entreprise remonte aux ann\u00e9es 90, plus pr\u00e9cis\u00e9ment \u00e0 1996. Avec plus de 25 ans sur le march\u00e9, nous sommes fiers de vous servir au quotidien avec le niveau de qualit\u00e9 que ce secteur exige.<\/p>\n<p>Nous avons une \u00e9quipe sp\u00e9cialis\u00e9e avec une grande exp\u00e9rience, pour garantir un service efficace.<\/p>\n<p>Actuellement, nous travaillons sur le march\u00e9 national et international, plus pr\u00e9cis\u00e9ment en France.<\/p>\n<p>Nous disposons d'\u00e9quipements innovants et de solutions ad\u00e9quates pour la pleine satisfaction de chaque client.<\/p>\n<blockquote><p>Plus que des services, ART ALU vend des solutions.<\/p><\/blockquote>\n<p><\/div><\/div><\/div><\/div><\/div><\/div><div class=\"vc_row-full-width\"><\/div>\t<div class=\"vc_row wpb_row vc_row-fluid vc_custom_1597848219283\" ><div class=\"col-xs-6 wpb_column vc_column_container vc_col-sm-12\"><div class=\"vc_column-inner\"><div class=\"wpb_wrapper\"><div class=\"ult-spacer spacer-69f18a29ee36d\" data-id=\"69f18a29ee36d\" data-height=\"30\" data-height-mobile=\"15\" data-height-tab=\"60\" data-height-tab-portrait=\"\" data-height-mobile-landscape=\"\" style=\"clear:both;display:block;\"><\/div><\/div><\/div><\/div><div class=\"col-xs-6 wpb_column vc_column_container vc_col-sm-3\"><div class=\"vc_column-inner\"><div class=\"wpb_wrapper\"><div class=\"stats-block stats-left\"><div class=\"aio-icon-left\"><div class=\"ult-just-icon-wrapper\"><div class=\"align-icon\" style=\"text-align:center;\">\n<div class=\"aio-icon-img\" style=\"font-size:80px;display:inline-block;\" >\n\t<img decoding=\"async\" class=\"img-icon\" alt=\"\" src=\"https:\/\/artalu.pt\/wp-content\/uploads\/2015\/02\/31.png\"\/>\n<\/div><\/div><\/div><\/div><div class=\"stats-desc\" id=\"counter-responsv-wrap-7501\"><div id=\"counter_335367209269f18a29ee87d\" data-id=\"counter_335367209269f18a29ee87d\"  data-ultimate-target='#counter-responsv-wrap-7501 .stats-number'  data-responsive-json-new='{\"font-size\":\"desktop:36px;\",\"line-height\":\"\"}'  class=\"stats-number ult-responsive\" style=\" color:#ffffff; font-family:&#039;Lato&#039;;font-weight:900;color:#ffffff;\" data-speed=\"5\" data-counter-value=\"1975\" data-separator=\",\" data-decimal=\".\">0<\/div><div id=\"title-counter_335367209269f18a29ee87d\"  data-ultimate-target='#counter-responsv-wrap-7501 .stats-text'  data-responsive-json-new='{\"font-size\":\"desktop:14px;\",\"line-height\":\"\"}'  class=\"stats-text ult-responsive\" style=\"font-size:px; color:#ffffff; font-family:&#039;Lato&#039;;font-weight:normal;font-style:normal;\">TRAVAUX R\u00c9ALIS\u00c9S<\/div><\/div><\/div><\/div><\/div><\/div><div class=\"col-xs-6 wpb_column vc_column_container vc_col-sm-3\"><div class=\"vc_column-inner\"><div class=\"wpb_wrapper\"><div class=\"stats-block stats-left\"><div class=\"aio-icon-left\"><div class=\"ult-just-icon-wrapper\"><div class=\"align-icon\" style=\"text-align:center;\">\n<div class=\"aio-icon-img\" style=\"font-size:80px;display:inline-block;\" >\n\t<img decoding=\"async\" class=\"img-icon\" alt=\"\" src=\"https:\/\/artalu.pt\/wp-content\/uploads\/2015\/02\/61.png\"\/>\n<\/div><\/div><\/div><\/div><div class=\"stats-desc\" id=\"counter-responsv-wrap-2697\"><div id=\"counter_66772924669f18a29eed0c\" data-id=\"counter_66772924669f18a29eed0c\"  data-ultimate-target='#counter-responsv-wrap-2697 .stats-number'  data-responsive-json-new='{\"font-size\":\"desktop:36px;\",\"line-height\":\"\"}'  class=\"stats-number ult-responsive\" style=\" color:#ffffff; font-family:&#039;Lato&#039;;font-weight:900;color:#ffffff;\" data-speed=\"5\" data-counter-value=\"10\" data-separator=\",\" data-decimal=\".\">0<\/div><div id=\"title-counter_66772924669f18a29eed0c\"  data-ultimate-target='#counter-responsv-wrap-2697 .stats-text'  data-responsive-json-new='{\"font-size\":\"desktop:14px;\",\"line-height\":\"\"}'  class=\"stats-text ult-responsive\" style=\"font-size:px; color:#ffffff; font-family:&#039;Lato&#039;;font-weight:normal;font-style:normal;\">TRAVAILLEURS QUALIFI\u00c9S<\/div><\/div><\/div><\/div><\/div><\/div><div class=\"col-xs-6 wpb_column vc_column_container vc_col-sm-3\"><div class=\"vc_column-inner\"><div class=\"wpb_wrapper\"><div class=\"stats-block stats-left\"><div class=\"aio-icon-left\"><div class=\"ult-just-icon-wrapper\"><div class=\"align-icon\" style=\"text-align:center;\">\n<div class=\"aio-icon-img\" style=\"font-size:80px;display:inline-block;\" >\n\t<img decoding=\"async\" class=\"img-icon\" alt=\"\" src=\"https:\/\/artalu.pt\/wp-content\/uploads\/2015\/02\/8.png\"\/>\n<\/div><\/div><\/div><\/div><div class=\"stats-desc\" id=\"counter-responsv-wrap-2124\"><div id=\"counter_162546694469f18a29ef1c1\" data-id=\"counter_162546694469f18a29ef1c1\"  data-ultimate-target='#counter-responsv-wrap-2124 .stats-number'  data-responsive-json-new='{\"font-size\":\"desktop:36px;\",\"line-height\":\"\"}'  class=\"stats-number ult-responsive\" style=\" color:#ffffff; font-family:&#039;Lato&#039;;font-weight:900;color:#ffffff;\" data-speed=\"5\" data-counter-value=\"1078\" data-separator=\",\" data-decimal=\".\">0<\/div><div id=\"title-counter_162546694469f18a29ef1c1\"  data-ultimate-target='#counter-responsv-wrap-2124 .stats-text'  data-responsive-json-new='{\"font-size\":\"desktop:14px;\",\"line-height\":\"\"}'  class=\"stats-text ult-responsive\" style=\"font-size:px; color:#ffffff; font-family:&#039;Lato&#039;;font-weight:normal;font-style:normal;\">CLIENTS SATISFAITS<\/div><\/div><\/div><\/div><\/div><\/div><div class=\"wpb_column vc_column_container vc_col-sm-3\"><div class=\"vc_column-inner\"><div class=\"wpb_wrapper\"><div class=\"stats-block stats-left\"><div class=\"aio-icon-left\"><div class=\"ult-just-icon-wrapper\"><div class=\"align-icon\" style=\"text-align:center;\">\n<div class=\"aio-icon-img\" style=\"font-size:80px;display:inline-block;\" >\n\t<img decoding=\"async\" class=\"img-icon\" alt=\"\" src=\"https:\/\/artalu.pt\/wp-content\/uploads\/2015\/02\/7.png\"\/>\n<\/div><\/div><\/div><\/div><div class=\"stats-desc\" id=\"counter-responsv-wrap-3632\"><div id=\"counter_346149222469f18a29ef63e\" data-id=\"counter_346149222469f18a29ef63e\"  data-ultimate-target='#counter-responsv-wrap-3632 .stats-number'  data-responsive-json-new='{\"font-size\":\"desktop:36px;\",\"line-height\":\"\"}'  class=\"stats-number ult-responsive\" style=\" color:#ffffff; font-family:&#039;Lato&#039;;font-weight:900;color:#ffffff;\" data-speed=\"5\" data-counter-value=\"2375\" data-separator=\",\" data-decimal=\".\">0<\/div><div id=\"title-counter_346149222469f18a29ef63e\"  data-ultimate-target='#counter-responsv-wrap-3632 .stats-text'  data-responsive-json-new='{\"font-size\":\"desktop:14px;\",\"line-height\":\"\"}'  class=\"stats-text ult-responsive\" style=\"font-size:px; color:#ffffff; font-family:&#039;Lato&#039;;font-weight:normal;font-style:normal;\">PROJETS<\/div><\/div><\/div><\/div><\/div><\/div><div class=\"wpb_column vc_column_container vc_col-sm-12\"><div class=\"vc_column-inner\"><div class=\"wpb_wrapper\"><div class=\"ult-spacer spacer-69f18a29ef7c0\" data-id=\"69f18a29ef7c0\" data-height=\"30\" data-height-mobile=\"15\" data-height-tab=\"60\" data-height-tab-portrait=\"\" data-height-mobile-landscape=\"\" style=\"clear:both;display:block;\"><\/div><\/div><\/div><\/div><\/div><div class=\"vc_row-full-width\"><\/div><!-- Row Backgrounds --><div class=\"upb_bg_img\" data-ultimate-bg=\"url(https:\/\/artalu.pt\/wp-content\/uploads\/2015\/05\/1.jpg)\" data-image-id=\"1239|https:\/\/webuild.netbee.shop\/demo\/wp-content\/uploads\/revslider\/home1\/1.jpg\" data-ultimate-bg-style=\"vcpb-hz-jquery\" data-bg-img-repeat=\"repeat\" data-bg-img-size=\"cover\" data-bg-img-position=\"\" data-parallx_sense=\"30\" data-bg-override=\"full\" data-bg_img_attach=\"scroll\" data-upb-overlay-color=\"\" data-upb-bg-animation=\"\" data-fadeout=\"\" data-bg-animation=\"left-animation\" data-bg-animation-type=\"h\" data-animation-repeat=\"repeat\" data-fadeout-percentage=\"30\" data-parallax-content=\"\" data-parallax-content-sense=\"30\" data-row-effect-mobile-disable=\"true\" data-img-parallax-mobile-disable=\"true\" data-rtl=\"false\"  data-custom-vc-row=\"\"  data-vc=\"8.7.2\"  data-is_old_vc=\"\"  data-theme-support=\"\"   data-overlay=\"false\" data-overlay-color=\"\" data-overlay-pattern=\"\" data-overlay-pattern-opacity=\"\" data-overlay-pattern-size=\"\"    ><\/div>\t<div class=\"vc_row wpb_row vc_row-fluid vc_custom_1426847816018\" ><div class=\"wpb_column vc_column_container vc_col-sm-12\"><div class=\"vc_column-inner\"><div class=\"wpb_wrapper\"><div class=\"ult-spacer spacer-69f18a29efe03\" data-id=\"69f18a29efe03\" data-height=\"80\" data-height-mobile=\"40\" data-height-tab=\"60\" data-height-tab-portrait=\"40\" data-height-mobile-landscape=\"40\" style=\"clear:both;display:block;\"><\/div><div id=\"ultimate-heading-159069f18a29efe45\" class=\"uvc-heading ult-adjust-bottom-margin ultimate-heading-159069f18a29efe45 uvc-2420\" data-hspacer=\"line_only\"  data-halign=\"center\" style=\"text-align:center\"><div class=\"uvc-main-heading ult-responsive\"  data-ultimate-target='.uvc-heading.ultimate-heading-159069f18a29efe45 h2'  data-responsive-json-new='{\"font-size\":\"desktop:48px;\",\"line-height\":\"desktop:60px;\"}' ><h2 style=\"font-family:&#039;Lato&#039;;font-weight:900;color:#ffffff;\">VOUS VOULEZ NOS SERVICES?<\/h2><\/div><div class=\"uvc-heading-spacer line_only\" style=\"margin-top:10px;margin-bottom:15px;height:3px;\"><span class=\"uvc-headings-line\" style=\"border-style:solid;border-bottom-width:3px;border-color:#ffffff;width:70px;\"><\/span><\/div><div class=\"uvc-sub-heading ult-responsive\"  data-ultimate-target='.uvc-heading.ultimate-heading-159069f18a29efe45 .uvc-sub-heading '  data-responsive-json-new='{\"font-size\":\"desktop:20px;\",\"line-height\":\"desktop:21px;\"}'  style=\"font-family:&#039;Lato&#039;;font-weight:normal;font-style:normal;color:#ffffff;margin-bottom:40px;\">Parlez de votre projet<\/div><\/div><\/div><\/div><\/div><div class=\"wpb_column vc_column_container vc_col-sm-3\"><div class=\"vc_column-inner\"><div class=\"wpb_wrapper\"><\/div><\/div><\/div><div class=\"wpb_column vc_column_container vc_col-sm-3\"><div class=\"vc_column-inner\"><div class=\"wpb_wrapper\"><div class=\"ubtn-ctn-center\"><a class=\"ubtn-link ult-adjust-bottom-margin ubtn-center ubtn-custom\" href=\"https:\/\/artalu.pt\/fr\/pedido-de-cotacao\/\" ><button type=\"button\" id=\"ubtn-3309\"  class=\"ubtn ult-adjust-bottom-margin ult-responsive ubtn-custom ubtn-fade-bg  none  ubtn-sep-icon ubtn-sep-icon-right-push  ubtn-center   tooltip-69f18a29f0148\"  data-hover=\"#f6c41c\" data-border-color=\"\" data-bg=\"#2c3e50\" data-hover-bg=\"#2c3e50\" data-border-hover=\"\" data-shadow-hover=\"\" data-shadow-click=\"none\" data-shadow=\"\" data-shd-shadow=\"\"  data-ultimate-target='#ubtn-3309'  data-responsive-json-new='{\"font-size\":\"desktop:21px;\",\"line-height\":\"\"}'  style=\"font-family:&#039;Lato&#039;;font-weight:900;width:250px;min-height:60px;padding:5px 10px;border:none;background: #2c3e50;color: #f6c41c;\"><span class=\"ubtn-data ubtn-icon\"><i class=\"Defaults-envelope-o\" style=\"font-size:20px;color:#f6c41c;\"><\/i><\/span><span class=\"ubtn-hover\" style=\"background-color:#2c3e50\"><\/span><span class=\"ubtn-data ubtn-text\" >DEMANDE DE DEVIS<\/span><\/button><\/a><\/div><\/div><\/div><\/div><div class=\"wpb_column vc_column_container vc_col-sm-3\"><div class=\"vc_column-inner\"><div class=\"wpb_wrapper\"><div class=\"ubtn-ctn-center\"><a class=\"ubtn-link ult-adjust-bottom-margin ubtn-center ubtn-custom\" href=\"https:\/\/artalu.pt\/fr\/portfolio\/\" ><button type=\"button\" id=\"ubtn-6455\"  class=\"ubtn ult-adjust-bottom-margin ult-responsive ubtn-custom ubtn-fade-bg  none  ubtn-sep-icon ubtn-sep-icon-right-push  ubtn-center   tooltip-69f18a29f030d\"  data-hover=\"#f6c41c\" data-border-color=\"#2c3e50\" data-bg=\"#f6c41c\" data-hover-bg=\"#2c3e50\" data-border-hover=\"#2c3e50\" data-shadow-hover=\"\" data-shadow-click=\"none\" data-shadow=\"\" data-shd-shadow=\"\"  data-ultimate-target='#ubtn-6455'  data-responsive-json-new='{\"font-size\":\"desktop:21px;\",\"line-height\":\"\"}'  style=\"font-family:&#039;Lato&#039;;font-weight:900;width:250px;min-height:60px;padding:5px 10px;border-radius:0px;border-width:2px;border-color:#2c3e50;border-style:solid;background: #f6c41c;color: #2c3e50;\"><span class=\"ubtn-data ubtn-icon\"><i class=\"Defaults-image\" style=\"font-size:20px;color:#f6c41c;\"><\/i><\/span><span class=\"ubtn-hover\" style=\"background-color:#2c3e50\"><\/span><span class=\"ubtn-data ubtn-text\" >NOS REALISATIONS<\/span><\/button><\/a><\/div><\/div><\/div><\/div><div class=\"wpb_column vc_column_container vc_col-sm-3\"><div class=\"vc_column-inner\"><div class=\"wpb_wrapper\"><\/div><\/div><\/div><div class=\"wpb_column vc_column_container vc_col-sm-12\"><div class=\"vc_column-inner\"><div class=\"wpb_wrapper\"><div class=\"ult-spacer spacer-69f18a29f05ae\" data-id=\"69f18a29f05ae\" data-height=\"50\" data-height-mobile=\"40\" data-height-tab=\"60\" data-height-tab-portrait=\"40\" data-height-mobile-landscape=\"40\" style=\"clear:both;display:block;\"><\/div><\/div><\/div><\/div><\/div><div class=\"vc_row-full-width\"><\/div><!-- Row Backgrounds --><div class=\"upb_color\" data-bg-override=\"full\" data-bg-color=\"#f6c41c\" data-fadeout=\"\" data-fadeout-percentage=\"30\" data-parallax-content=\"\" data-parallax-content-sense=\"30\" data-row-effect-mobile-disable=\"true\" data-img-parallax-mobile-disable=\"true\" data-rtl=\"false\"  data-custom-vc-row=\"\"  data-vc=\"8.7.2\"  data-is_old_vc=\"\"  data-theme-support=\"\"   data-overlay=\"false\" data-overlay-color=\"\" data-overlay-pattern=\"\" data-overlay-pattern-opacity=\"\" data-overlay-pattern-size=\"\"    ><\/div>\n<\/div>","protected":false},"excerpt":{"rendered":"<a href=\"https:\/\/artalu.pt\/fr\/sobre-nos\/\" class=\"entry-more pro-btn pro-btn-rounded pro-btn-xxs pro-btn-flat-accent\">Lire la suite<span class=\"screen-reader-text\"> about Sobre n\u00f3s<\/span><\/a>","protected":false},"author":2,"featured_media":0,"parent":0,"menu_order":0,"comment_status":"closed","ping_status":"closed","template":"","meta":{"footnotes":""},"class_list":["post-13","page","type-page","status-publish","hentry"],"yoast_head":"<!-- This site is optimized with the Yoast SEO plugin v26.6 - https:\/\/yoast.com\/wordpress\/plugins\/seo\/ -->\n<title>Sobre n\u00f3s - Art Alu<\/title>\n<meta name=\"robots\" content=\"index, follow, max-snippet:-1, max-image-preview:large, max-video-preview:-1\" \/>\n<link rel=\"canonical\" href=\"https:\/\/artalu.pt\/fr\/sobre-nos\/\" \/>\n<meta property=\"og:locale\" content=\"fr_FR\" \/>\n<meta property=\"og:type\" content=\"article\" \/>\n<meta property=\"og:title\" content=\"Sobre n\u00f3s - Art Alu\" \/>\n<meta property=\"og:url\" content=\"https:\/\/artalu.pt\/fr\/sobre-nos\/\" \/>\n<meta property=\"og:site_name\" content=\"Art Alu\" \/>\n<meta property=\"article:publisher\" content=\"https:\/\/www.facebook.com\/Art-alu-537140353141922\/\" \/>\n<meta property=\"article:modified_time\" content=\"2023-01-05T20:12:46+00:00\" \/>\n<meta name=\"twitter:card\" content=\"summary_large_image\" \/>\n<meta name=\"twitter:label1\" content=\"Dur\u00e9e de lecture estim\u00e9e\" \/>\n\t<meta name=\"twitter:data1\" content=\"2 minutes\" \/>\n<script type=\"application\/ld+json\" class=\"yoast-schema-graph\">{\"@context\":\"https:\/\/schema.org\",\"@graph\":[{\"@type\":\"WebPage\",\"@id\":\"https:\/\/artalu.pt\/sobre-nos\/\",\"url\":\"https:\/\/artalu.pt\/sobre-nos\/\",\"name\":\"Sobre n\u00f3s - Art Alu\",\"isPartOf\":{\"@id\":\"https:\/\/artalu.pt\/#website\"},\"datePublished\":\"2015-02-26T20:02:38+00:00\",\"dateModified\":\"2023-01-05T20:12:46+00:00\",\"breadcrumb\":{\"@id\":\"https:\/\/artalu.pt\/sobre-nos\/#breadcrumb\"},\"inLanguage\":\"fr-FR\",\"potentialAction\":[{\"@type\":\"ReadAction\",\"target\":[\"https:\/\/artalu.pt\/sobre-nos\/\"]}]},{\"@type\":\"BreadcrumbList\",\"@id\":\"https:\/\/artalu.pt\/sobre-nos\/#breadcrumb\",\"itemListElement\":[{\"@type\":\"ListItem\",\"position\":1,\"name\":\"In\u00edcio\",\"item\":\"https:\/\/artalu.pt\/\"},{\"@type\":\"ListItem\",\"position\":2,\"name\":\"Sobre n\u00f3s\"}]},{\"@type\":\"WebSite\",\"@id\":\"https:\/\/artalu.pt\/#website\",\"url\":\"https:\/\/artalu.pt\/\",\"name\":\"Art Alu\",\"description\":\"Caleiras, Rufos, Junta Agrafada, Port\u00f5es e Tetos Falsos\",\"publisher\":{\"@id\":\"https:\/\/artalu.pt\/#organization\"},\"potentialAction\":[{\"@type\":\"SearchAction\",\"target\":{\"@type\":\"EntryPoint\",\"urlTemplate\":\"https:\/\/artalu.pt\/?s={search_term_string}\"},\"query-input\":{\"@type\":\"PropertyValueSpecification\",\"valueRequired\":true,\"valueName\":\"search_term_string\"}}],\"inLanguage\":\"fr-FR\"},{\"@type\":\"Organization\",\"@id\":\"https:\/\/artalu.pt\/#organization\",\"name\":\"Art Alu - Caleiras, Rufos, Junta Agrafada, Port\u00f5es e Tetos Falsos\",\"url\":\"https:\/\/artalu.pt\/\",\"logo\":{\"@type\":\"ImageObject\",\"inLanguage\":\"fr-FR\",\"@id\":\"https:\/\/artalu.pt\/#\/schema\/logo\/image\/\",\"url\":\"https:\/\/artalu.pt\/wp-content\/uploads\/2020\/06\/logo.png\",\"contentUrl\":\"https:\/\/artalu.pt\/wp-content\/uploads\/2020\/06\/logo.png\",\"width\":235,\"height\":82,\"caption\":\"Art Alu - Caleiras, Rufos, Junta Agrafada, Port\u00f5es e Tetos Falsos\"},\"image\":{\"@id\":\"https:\/\/artalu.pt\/#\/schema\/logo\/image\/\"},\"sameAs\":[\"https:\/\/www.facebook.com\/Art-alu-537140353141922\/\"]}]}<\/script>\n<!-- \/ Yoast SEO plugin. -->","yoast_head_json":{"title":"Sobre n\u00f3s - Art Alu","robots":{"index":"index","follow":"follow","max-snippet":"max-snippet:-1","max-image-preview":"max-image-preview:large","max-video-preview":"max-video-preview:-1"},"canonical":"https:\/\/artalu.pt\/fr\/sobre-nos\/","og_locale":"fr_FR","og_type":"article","og_title":"Sobre n\u00f3s - Art Alu","og_url":"https:\/\/artalu.pt\/fr\/sobre-nos\/","og_site_name":"Art Alu","article_publisher":"https:\/\/www.facebook.com\/Art-alu-537140353141922\/","article_modified_time":"2023-01-05T20:12:46+00:00","twitter_card":"summary_large_image","twitter_misc":{"Dur\u00e9e de lecture estim\u00e9e":"2 minutes"},"schema":{"@context":"https:\/\/schema.org","@graph":[{"@type":"WebPage","@id":"https:\/\/artalu.pt\/sobre-nos\/","url":"https:\/\/artalu.pt\/sobre-nos\/","name":"Sobre n\u00f3s - Art Alu","isPartOf":{"@id":"https:\/\/artalu.pt\/#website"},"datePublished":"2015-02-26T20:02:38+00:00","dateModified":"2023-01-05T20:12:46+00:00","breadcrumb":{"@id":"https:\/\/artalu.pt\/sobre-nos\/#breadcrumb"},"inLanguage":"fr-FR","potentialAction":[{"@type":"ReadAction","target":["https:\/\/artalu.pt\/sobre-nos\/"]}]},{"@type":"BreadcrumbList","@id":"https:\/\/artalu.pt\/sobre-nos\/#breadcrumb","itemListElement":[{"@type":"ListItem","position":1,"name":"In\u00edcio","item":"https:\/\/artalu.pt\/"},{"@type":"ListItem","position":2,"name":"Sobre n\u00f3s"}]},{"@type":"WebSite","@id":"https:\/\/artalu.pt\/#website","url":"https:\/\/artalu.pt\/","name":"Art Alu","description":"Caleiras, Rufos, Junta Agrafada, Port\u00f5es e Tetos Falsos","publisher":{"@id":"https:\/\/artalu.pt\/#organization"},"potentialAction":[{"@type":"SearchAction","target":{"@type":"EntryPoint","urlTemplate":"https:\/\/artalu.pt\/?s={search_term_string}"},"query-input":{"@type":"PropertyValueSpecification","valueRequired":true,"valueName":"search_term_string"}}],"inLanguage":"fr-FR"},{"@type":"Organization","@id":"https:\/\/artalu.pt\/#organization","name":"Art Alu - Caleiras, Rufos, Junta Agrafada, Port\u00f5es e Tetos Falsos","url":"https:\/\/artalu.pt\/","logo":{"@type":"ImageObject","inLanguage":"fr-FR","@id":"https:\/\/artalu.pt\/#\/schema\/logo\/image\/","url":"https:\/\/artalu.pt\/wp-content\/uploads\/2020\/06\/logo.png","contentUrl":"https:\/\/artalu.pt\/wp-content\/uploads\/2020\/06\/logo.png","width":235,"height":82,"caption":"Art Alu - Caleiras, Rufos, Junta Agrafada, Port\u00f5es e Tetos Falsos"},"image":{"@id":"https:\/\/artalu.pt\/#\/schema\/logo\/image\/"},"sameAs":["https:\/\/www.facebook.com\/Art-alu-537140353141922\/"]}]}},"_links":{"self":[{"href":"https:\/\/artalu.pt\/fr\/wp-json\/wp\/v2\/pages\/13","targetHints":{"allow":["GET"]}}],"collection":[{"href":"https:\/\/artalu.pt\/fr\/wp-json\/wp\/v2\/pages"}],"about":[{"href":"https:\/\/artalu.pt\/fr\/wp-json\/wp\/v2\/types\/page"}],"author":[{"embeddable":true,"href":"https:\/\/artalu.pt\/fr\/wp-json\/wp\/v2\/users\/2"}],"replies":[{"embeddable":true,"href":"https:\/\/artalu.pt\/fr\/wp-json\/wp\/v2\/comments?post=13"}],"version-history":[{"count":0,"href":"https:\/\/artalu.pt\/fr\/wp-json\/wp\/v2\/pages\/13\/revisions"}],"wp:attachment":[{"href":"https:\/\/artalu.pt\/fr\/wp-json\/wp\/v2\/media?parent=13"}],"curies":[{"name":"wp","href":"https:\/\/api.w.org\/{rel}","templated":true}]}}