{"id":545,"date":"2015-03-25T13:37:40","date_gmt":"2015-03-25T13:37:40","guid":{"rendered":"http:\/\/webuild.netbee.shop\/demo\/?page_id=545"},"modified":"2023-04-11T19:28:40","modified_gmt":"2023-04-11T18:28:40","slug":"pedido-de-cotacao","status":"publish","type":"page","link":"https:\/\/artalu.pt\/fr\/pedido-de-cotacao\/","title":{"rendered":"Demande de devis"},"content":{"rendered":"<div class=\"wpb-content-wrapper\">\t<div class=\"vc_row wpb_row vc_row-fluid vc_custom_1596161558841\" ><div class=\"wpb_column vc_column_container vc_col-sm-6 vc_hidden-sm vc_hidden-xs\"><div class=\"vc_column-inner vc_custom_1596056157535\"><div class=\"wpb_wrapper\"><div class=\"ult-animation  ult-animate-viewport  ult-no-mobile\" data-animate=\"fadeInLeft\" data-animation-delay=\"0\" data-animation-duration=\"1.5\" data-animation-iteration=\"1\" style=\"opacity:0;\" data-opacity_start_effect=\"\">\n\t<div  class=\"wpb_single_image wpb_content_element vc_align_center\">\n\t\t\n\t\t<figure class=\"wpb_wrapper vc_figure\">\n\t\t\t<div class=\"vc_single_image-wrapper   vc_box_border_grey\"><img loading=\"lazy\" decoding=\"async\" width=\"1000\" height=\"1000\" src=\"https:\/\/artalu.pt\/wp-content\/uploads\/2020\/08\/cotacao.jpg\" class=\"vc_single_image-img attachment-full\" alt=\"\" title=\"Art Alu\" srcset=\"https:\/\/artalu.pt\/wp-content\/uploads\/2020\/08\/cotacao.jpg 1000w, https:\/\/artalu.pt\/wp-content\/uploads\/2020\/08\/cotacao-300x300.jpg 300w, https:\/\/artalu.pt\/wp-content\/uploads\/2020\/08\/cotacao-150x150.jpg 150w, https:\/\/artalu.pt\/wp-content\/uploads\/2020\/08\/cotacao-768x768.jpg 768w, https:\/\/artalu.pt\/wp-content\/uploads\/2020\/08\/cotacao-60x60.jpg 60w\" sizes=\"auto, (max-width: 1000px) 100vw, 1000px\" \/><\/div>\n\t\t<\/figure>\n\t<\/div>\n<\/div><\/div><\/div><\/div><div class=\"contact-form-relative-cont wpb_column vc_column_container vc_col-sm-6\"><div class=\"vc_column-inner vc_custom_1596161820842\"><div class=\"wpb_wrapper\"><div class=\"ult-spacer spacer-69f1794a5a470\" data-id=\"69f1794a5a470\" data-height=\"80\" data-height-mobile=\"80\" data-height-tab=\"80\" data-height-tab-portrait=\"\" data-height-mobile-landscape=\"\" style=\"clear:both;display:block;\"><\/div><div class=\"ult-animation  ult-animate-viewport  ult-no-mobile\" data-animate=\"fadeInRight\" data-animation-delay=\"0.3\" data-animation-duration=\"1.5\" data-animation-iteration=\"1\" style=\"opacity:0;\" data-opacity_start_effect=\"\">\n<div class=\"wpcf7 no-js\" id=\"wpcf7-f4116-o1\" lang=\"en-US\" dir=\"ltr\" data-wpcf7-id=\"4116\">\n<div class=\"screen-reader-response\"><p role=\"status\" aria-live=\"polite\" aria-atomic=\"true\"><\/p> <ul><\/ul><\/div>\n<form action=\"\/fr\/wp-json\/wp\/v2\/pages\/545#wpcf7-f4116-o1\" method=\"post\" class=\"wpcf7-form init\" aria-label=\"Contact form\" novalidate=\"novalidate\" data-status=\"init\" data-trp-original-action=\"\/fr\/wp-json\/wp\/v2\/pages\/545#wpcf7-f4116-o1\">\n<fieldset class=\"hidden-fields-container\"><input type=\"hidden\" name=\"_wpcf7\" value=\"4116\" \/><input type=\"hidden\" name=\"_wpcf7_version\" value=\"6.1.5\" \/><input type=\"hidden\" name=\"_wpcf7_locale\" value=\"en_US\" \/><input type=\"hidden\" name=\"_wpcf7_unit_tag\" value=\"wpcf7-f4116-o1\" \/><input type=\"hidden\" name=\"_wpcf7_container_post\" value=\"0\" \/><input type=\"hidden\" name=\"_wpcf7_posted_data_hash\" value=\"\" \/><input type=\"hidden\" name=\"_wpcf7_recaptcha_response\" value=\"\" \/>\n<\/fieldset>\n<div class=\"row\">\n\t<p class=\"col-md-6\"><br \/>\n<span class=\"wpcf7-form-control-wrap\" data-name=\"nome\"><input size=\"40\" maxlength=\"400\" class=\"wpcf7-form-control wpcf7-text wpcf7-validates-as-required\" aria-required=\"true\" aria-invalid=\"false\" placeholder=\"Nom *\" value=\"\" type=\"text\" name=\"nome\" \/><\/span>\n\t<\/p>\n\t<p class=\"col-md-6\"><br \/>\n<span class=\"wpcf7-form-control-wrap\" data-name=\"morada\"><input size=\"40\" maxlength=\"400\" class=\"wpcf7-form-control wpcf7-text wpcf7-validates-as-required\" aria-required=\"true\" aria-invalid=\"false\" placeholder=\"Adresse *\" value=\"\" type=\"text\" name=\"morada\" \/><\/span>\n\t<\/p>\n<\/div>\n<div class=\"row\">\n\t<p class=\"col-md-6\"><br \/>\n<span class=\"wpcf7-form-control-wrap\" data-name=\"telefone\"><input size=\"40\" maxlength=\"400\" class=\"wpcf7-form-control wpcf7-text wpcf7-validates-as-required\" aria-required=\"true\" aria-invalid=\"false\" placeholder=\"T\u00e9l\u00e9phone *\" value=\"\" type=\"text\" name=\"telefone\" \/><\/span>\n\t<\/p>\n\t<p class=\"col-md-6\"><br \/>\n<span class=\"wpcf7-form-control-wrap\" data-name=\"email\"><input size=\"40\" maxlength=\"400\" class=\"wpcf7-form-control wpcf7-email wpcf7-validates-as-required wpcf7-text wpcf7-validates-as-email\" aria-required=\"true\" aria-invalid=\"false\" placeholder=\"Email *\" value=\"\" type=\"email\" name=\"email\" \/><\/span>\n\t<\/p>\n<\/div>\n<div class=\"row\">\n\t<p class=\"col-md-12\" ><br \/>\n<span class=\"form-col-block\"><span class=\"wpcf7-form-control-wrap\" data-name=\"enquire-type\"><select class=\"wpcf7-form-control wpcf7-select wpcf7-validates-as-required\" aria-required=\"true\" aria-invalid=\"false\" name=\"enquire-type\"><option value=\"Caleiras\">Goutti\u00e8res<\/option><option value=\"Rufos\">Bandes de solin<\/option><option value=\"Servi\u00e7o de Quinagem\">Service de pliage<\/option><option value=\"Junta Agrafada\">Joint debout<\/option><option value=\"Port\u00f5es\">Portails alu soud\u00e9<\/option><option value=\"Tetos Falsos\">Faux plafonds<\/option><option value=\"Chamin\u00e9 de Remate\">Chamin\u00e9 de Remate<\/option><option value=\"Chamin\u00e9 de Aspira\u00e7\u00e3o\">Chamin\u00e9 de Aspira\u00e7\u00e3o<\/option><option value=\"Aplica\u00e7\u00e3o\">Demande<\/option><option value=\"Perfilagem\">Profilage<\/option><option value=\"Veda\u00e7\u00f5es em Alum\u00ednio\">Cl\u00f4ture en aluminium<\/option><option value=\"Outras Veda\u00e7\u00f5es\">Autres cl\u00f4tures<\/option><\/select><\/span><\/span>\n\t<\/p>\n<\/div>\n<div class=\"row\">\n\t<p class=\"col-md-12\"><br \/>\n<span class=\"wpcf7-form-control-wrap\" data-name=\"mensagem\"><textarea cols=\"40\" rows=\"10\" maxlength=\"2000\" class=\"wpcf7-form-control wpcf7-textarea wpcf7-validates-as-required\" aria-required=\"true\" aria-invalid=\"false\" placeholder=\"Message *\" name=\"mensagem\"><\/textarea><\/span>\n\t<\/p>\n<\/div>\n<div class=\"row\">\n\t<p class=\"col-md-6 captcha_test\"><br \/>\n<input type=\"hidden\" name=\"_wpcf7_captcha_challenge_captcha-937\" value=\"2186627701\" \/><img loading=\"lazy\" decoding=\"async\" class=\"wpcf7-form-control wpcf7-captchac wpcf7-captcha-captcha-937\" width=\"84\" height=\"28\" alt=\"captcha\" src=\"https:\/\/artalu.pt\/wp-content\/uploads\/wpcf7_captcha\/2186627701.png\" \/><br \/>\n<span class=\"wpcf7-form-control-wrap\" data-name=\"captcha-937\"><input size=\"40\" class=\"wpcf7-form-control wpcf7-captchar\" autocomplete=\"off\" aria-invalid=\"false\" placeholder=\"Captcha *\" value=\"\" type=\"text\" name=\"captcha-937\" \/><\/span>\n\t<\/p>\n\t<p class=\"col-md-6\"><input class=\"wpcf7-form-control wpcf7-submit has-spinner\" type=\"submit\" value=\"Envoyer\" \/>\n\t<\/p>\n<\/div><div class=\"wpcf7-response-output\" aria-hidden=\"true\"><\/div>\n<input type=\"hidden\" name=\"trp-form-language\" value=\"fr\"\/><\/form>\n<\/div>\n<\/div><div class=\"ult-spacer spacer-69f1794a6fac1\" data-id=\"69f1794a6fac1\" data-height=\"\" data-height-mobile=\"40\" data-height-tab=\"40\" data-height-tab-portrait=\"40\" data-height-mobile-landscape=\"40\" style=\"clear:both;display:block;\"><\/div><\/div><\/div><\/div><\/div><div class=\"vc_row-full-width\"><\/div><!-- Row Backgrounds --><div class=\"upb_color\" data-bg-override=\"full\" data-bg-color=\"#ffffff\" data-fadeout=\"\" data-fadeout-percentage=\"30\" data-parallax-content=\"off\" data-parallax-content-sense=\"30\" data-row-effect-mobile-disable=\"true\" data-img-parallax-mobile-disable=\"true\" data-rtl=\"false\"  data-custom-vc-row=\"\"  data-vc=\"8.7.2\"  data-is_old_vc=\"\"  data-theme-support=\"\"   data-overlay=\"false\" data-overlay-color=\"\" data-overlay-pattern=\"\" data-overlay-pattern-opacity=\"\" data-overlay-pattern-size=\"\"    ><\/div>\n<\/div>","protected":false},"excerpt":{"rendered":"<a href=\"https:\/\/artalu.pt\/fr\/pedido-de-cotacao\/\" class=\"entry-more pro-btn pro-btn-rounded pro-btn-xxs pro-btn-flat-accent\">Lire la suite<span class=\"screen-reader-text\"> about Pedido de Cota\u00e7\u00e3o<\/span><\/a>","protected":false},"author":2,"featured_media":0,"parent":0,"menu_order":0,"comment_status":"closed","ping_status":"closed","template":"","meta":{"footnotes":""},"class_list":["post-545","page","type-page","status-publish","hentry"],"yoast_head":"<!-- This site is optimized with the Yoast SEO plugin v26.6 - https:\/\/yoast.com\/wordpress\/plugins\/seo\/ -->\n<title>Pedido de Cota\u00e7\u00e3o - Art Alu<\/title>\n<meta name=\"robots\" content=\"index, follow, max-snippet:-1, max-image-preview:large, max-video-preview:-1\" \/>\n<link rel=\"canonical\" href=\"https:\/\/artalu.pt\/fr\/pedido-de-cotacao\/\" \/>\n<meta property=\"og:locale\" content=\"fr_FR\" \/>\n<meta property=\"og:type\" content=\"article\" \/>\n<meta property=\"og:title\" content=\"Pedido de Cota\u00e7\u00e3o - Art Alu\" \/>\n<meta property=\"og:url\" content=\"https:\/\/artalu.pt\/fr\/pedido-de-cotacao\/\" \/>\n<meta property=\"og:site_name\" content=\"Art Alu\" \/>\n<meta property=\"article:publisher\" content=\"https:\/\/www.facebook.com\/Art-alu-537140353141922\/\" \/>\n<meta property=\"article:modified_time\" content=\"2023-04-11T18:28:40+00:00\" \/>\n<meta name=\"twitter:card\" content=\"summary_large_image\" \/>\n<meta name=\"twitter:label1\" content=\"Dur\u00e9e de lecture estim\u00e9e\" \/>\n\t<meta name=\"twitter:data1\" content=\"1 minute\" \/>\n<script type=\"application\/ld+json\" class=\"yoast-schema-graph\">{\"@context\":\"https:\/\/schema.org\",\"@graph\":[{\"@type\":\"WebPage\",\"@id\":\"https:\/\/artalu.pt\/pedido-de-cotacao\/\",\"url\":\"https:\/\/artalu.pt\/pedido-de-cotacao\/\",\"name\":\"Pedido de Cota\u00e7\u00e3o - Art Alu\",\"isPartOf\":{\"@id\":\"https:\/\/artalu.pt\/#website\"},\"datePublished\":\"2015-03-25T13:37:40+00:00\",\"dateModified\":\"2023-04-11T18:28:40+00:00\",\"breadcrumb\":{\"@id\":\"https:\/\/artalu.pt\/pedido-de-cotacao\/#breadcrumb\"},\"inLanguage\":\"fr-FR\",\"potentialAction\":[{\"@type\":\"ReadAction\",\"target\":[\"https:\/\/artalu.pt\/pedido-de-cotacao\/\"]}]},{\"@type\":\"BreadcrumbList\",\"@id\":\"https:\/\/artalu.pt\/pedido-de-cotacao\/#breadcrumb\",\"itemListElement\":[{\"@type\":\"ListItem\",\"position\":1,\"name\":\"In\u00edcio\",\"item\":\"https:\/\/artalu.pt\/\"},{\"@type\":\"ListItem\",\"position\":2,\"name\":\"Pedido de Cota\u00e7\u00e3o\"}]},{\"@type\":\"WebSite\",\"@id\":\"https:\/\/artalu.pt\/#website\",\"url\":\"https:\/\/artalu.pt\/\",\"name\":\"Art Alu\",\"description\":\"Caleiras, Rufos, Junta Agrafada, Port\u00f5es e Tetos Falsos\",\"publisher\":{\"@id\":\"https:\/\/artalu.pt\/#organization\"},\"potentialAction\":[{\"@type\":\"SearchAction\",\"target\":{\"@type\":\"EntryPoint\",\"urlTemplate\":\"https:\/\/artalu.pt\/?s={search_term_string}\"},\"query-input\":{\"@type\":\"PropertyValueSpecification\",\"valueRequired\":true,\"valueName\":\"search_term_string\"}}],\"inLanguage\":\"fr-FR\"},{\"@type\":\"Organization\",\"@id\":\"https:\/\/artalu.pt\/#organization\",\"name\":\"Art Alu - Caleiras, Rufos, Junta Agrafada, Port\u00f5es e Tetos Falsos\",\"url\":\"https:\/\/artalu.pt\/\",\"logo\":{\"@type\":\"ImageObject\",\"inLanguage\":\"fr-FR\",\"@id\":\"https:\/\/artalu.pt\/#\/schema\/logo\/image\/\",\"url\":\"https:\/\/artalu.pt\/wp-content\/uploads\/2020\/06\/logo.png\",\"contentUrl\":\"https:\/\/artalu.pt\/wp-content\/uploads\/2020\/06\/logo.png\",\"width\":235,\"height\":82,\"caption\":\"Art Alu - Caleiras, Rufos, Junta Agrafada, Port\u00f5es e Tetos Falsos\"},\"image\":{\"@id\":\"https:\/\/artalu.pt\/#\/schema\/logo\/image\/\"},\"sameAs\":[\"https:\/\/www.facebook.com\/Art-alu-537140353141922\/\"]}]}<\/script>\n<!-- \/ Yoast SEO plugin. -->","yoast_head_json":{"title":"Pedido de Cota\u00e7\u00e3o - Art Alu","robots":{"index":"index","follow":"follow","max-snippet":"max-snippet:-1","max-image-preview":"max-image-preview:large","max-video-preview":"max-video-preview:-1"},"canonical":"https:\/\/artalu.pt\/fr\/pedido-de-cotacao\/","og_locale":"fr_FR","og_type":"article","og_title":"Pedido de Cota\u00e7\u00e3o - Art Alu","og_url":"https:\/\/artalu.pt\/fr\/pedido-de-cotacao\/","og_site_name":"Art Alu","article_publisher":"https:\/\/www.facebook.com\/Art-alu-537140353141922\/","article_modified_time":"2023-04-11T18:28:40+00:00","twitter_card":"summary_large_image","twitter_misc":{"Dur\u00e9e de lecture estim\u00e9e":"1 minute"},"schema":{"@context":"https:\/\/schema.org","@graph":[{"@type":"WebPage","@id":"https:\/\/artalu.pt\/pedido-de-cotacao\/","url":"https:\/\/artalu.pt\/pedido-de-cotacao\/","name":"Pedido de Cota\u00e7\u00e3o - Art Alu","isPartOf":{"@id":"https:\/\/artalu.pt\/#website"},"datePublished":"2015-03-25T13:37:40+00:00","dateModified":"2023-04-11T18:28:40+00:00","breadcrumb":{"@id":"https:\/\/artalu.pt\/pedido-de-cotacao\/#breadcrumb"},"inLanguage":"fr-FR","potentialAction":[{"@type":"ReadAction","target":["https:\/\/artalu.pt\/pedido-de-cotacao\/"]}]},{"@type":"BreadcrumbList","@id":"https:\/\/artalu.pt\/pedido-de-cotacao\/#breadcrumb","itemListElement":[{"@type":"ListItem","position":1,"name":"In\u00edcio","item":"https:\/\/artalu.pt\/"},{"@type":"ListItem","position":2,"name":"Pedido de Cota\u00e7\u00e3o"}]},{"@type":"WebSite","@id":"https:\/\/artalu.pt\/#website","url":"https:\/\/artalu.pt\/","name":"Art Alu","description":"Caleiras, Rufos, Junta Agrafada, Port\u00f5es e Tetos Falsos","publisher":{"@id":"https:\/\/artalu.pt\/#organization"},"potentialAction":[{"@type":"SearchAction","target":{"@type":"EntryPoint","urlTemplate":"https:\/\/artalu.pt\/?s={search_term_string}"},"query-input":{"@type":"PropertyValueSpecification","valueRequired":true,"valueName":"search_term_string"}}],"inLanguage":"fr-FR"},{"@type":"Organization","@id":"https:\/\/artalu.pt\/#organization","name":"Art Alu - Caleiras, Rufos, Junta Agrafada, Port\u00f5es e Tetos Falsos","url":"https:\/\/artalu.pt\/","logo":{"@type":"ImageObject","inLanguage":"fr-FR","@id":"https:\/\/artalu.pt\/#\/schema\/logo\/image\/","url":"https:\/\/artalu.pt\/wp-content\/uploads\/2020\/06\/logo.png","contentUrl":"https:\/\/artalu.pt\/wp-content\/uploads\/2020\/06\/logo.png","width":235,"height":82,"caption":"Art Alu - Caleiras, Rufos, Junta Agrafada, Port\u00f5es e Tetos Falsos"},"image":{"@id":"https:\/\/artalu.pt\/#\/schema\/logo\/image\/"},"sameAs":["https:\/\/www.facebook.com\/Art-alu-537140353141922\/"]}]}},"_links":{"self":[{"href":"https:\/\/artalu.pt\/fr\/wp-json\/wp\/v2\/pages\/545","targetHints":{"allow":["GET"]}}],"collection":[{"href":"https:\/\/artalu.pt\/fr\/wp-json\/wp\/v2\/pages"}],"about":[{"href":"https:\/\/artalu.pt\/fr\/wp-json\/wp\/v2\/types\/page"}],"author":[{"embeddable":true,"href":"https:\/\/artalu.pt\/fr\/wp-json\/wp\/v2\/users\/2"}],"replies":[{"embeddable":true,"href":"https:\/\/artalu.pt\/fr\/wp-json\/wp\/v2\/comments?post=545"}],"version-history":[{"count":0,"href":"https:\/\/artalu.pt\/fr\/wp-json\/wp\/v2\/pages\/545\/revisions"}],"wp:attachment":[{"href":"https:\/\/artalu.pt\/fr\/wp-json\/wp\/v2\/media?parent=545"}],"curies":[{"name":"wp","href":"https:\/\/api.w.org\/{rel}","templated":true}]}}