{"id":682,"date":"2020-06-01T00:00:07","date_gmt":"2020-06-01T00:00:07","guid":{"rendered":"http:\/\/webuild.netbee.shop\/demo\/?page_id=682"},"modified":"2020-08-21T18:03:35","modified_gmt":"2020-08-21T18:03:35","slug":"zinco","status":"publish","type":"page","link":"https:\/\/artalu.pt\/fr\/servicos\/zinco\/","title":{"rendered":"Zinc"},"content":{"rendered":"<div class=\"wpb-content-wrapper\">\t<div class=\"vc_row wpb_row vc_row-fluid\" ><div class=\"wpb_column vc_column_container vc_col-sm-6\"><div class=\"vc_column-inner\"><div class=\"wpb_wrapper\"><div class=\"ult-spacer spacer-69f179487b521\" data-id=\"69f179487b521\" data-height=\"170\" data-height-mobile=\"35\" data-height-tab=\"70\" data-height-tab-portrait=\"70\" data-height-mobile-landscape=\"35\" style=\"clear:both;display:block;\"><\/div><div id=\"ultimate-heading-846269f179487b596\" class=\"uvc-heading ult-adjust-bottom-margin ultimate-heading-846269f179487b596 uvc-4204\" data-hspacer=\"line_only\"  data-halign=\"left\" style=\"text-align:left\"><div class=\"uvc-main-heading ult-responsive\"  data-ultimate-target='.uvc-heading.ultimate-heading-846269f179487b596 h2'  data-responsive-json-new='{\"font-size\":\"desktop:41px;\",\"line-height\":\"\"}' ><h2 style=\"font-family:&#039;Lato&#039;;font-weight:300;margin-bottom:20px;\"><b>ZINC<\/b><\/h2><\/div><div class=\"uvc-heading-spacer line_only\" style=\"topheight:3px;\"><span class=\"uvc-headings-line\" style=\"border-style:solid;border-bottom-width:3px;border-color:#f7c51e;width:50px;\"><\/span><\/div><div class=\"uvc-sub-heading ult-responsive\"  data-ultimate-target='.uvc-heading.ultimate-heading-846269f179487b596 .uvc-sub-heading '  data-responsive-json-new='{\"font-size\":\"desktop:14px;\",\"line-height\":\"desktop:24px;\"}'  style=\"font-family:&#039;Lato&#039;;font-weight:normal;color:#000000;margin-top:15px;margin-bottom:30px;\"><span style=\"font-family: sansation_bold;\">Le zinc naturel est pr\u00e9-patin\u00e9 pour la fabrication de produits d&#039;\u00e9vacuation des eaux pluviales, de rev\u00eatements de fa\u00e7ade et se pr\u00e9sente sous une forme lamin\u00e9e.<\/span><\/p>\n<p><span style=\"font-family: sansation_bold;\">Il poss\u00e8de des caract\u00e9ristiques physiques et m\u00e9caniques id\u00e9ales pour les applications architecturales, flexible et mall\u00e9able permet la d\u00e9coupe, le pliage et le profilage.<\/span><\/p>\n<p><span style=\"font-family: sansation_bold;\">Solution durable, permet de s&#039;adapter au plafond ou au toit, le mur \u00e9tant \u00e9tanche et stoppant la propagation du feu, d\u00e9montre une oxydation naturelle dans le temps.<\/span><\/div><\/div><\/div><\/div><\/div><div class=\"wpb_column vc_column_container vc_col-sm-6\"><div class=\"vc_column-inner\"><div class=\"wpb_wrapper\"><div class=\"ult-spacer spacer-69f179487b7eb\" data-id=\"69f179487b7eb\" data-height=\"70\" data-height-mobile=\"25\" data-height-tab=\"50\" data-height-tab-portrait=\"50\" data-height-mobile-landscape=\"25\" style=\"clear:both;display:block;\"><\/div><div id=\"ultimate-heading-220969f179487b81c\" class=\"uvc-heading ult-adjust-bottom-margin ultimate-heading-220969f179487b81c uvc-1469\" data-hspacer=\"line_only\"  data-halign=\"right\" style=\"text-align:right\"><div class=\"uvc-main-heading ult-responsive\"  data-ultimate-target='.uvc-heading.ultimate-heading-220969f179487b81c h2'  data-responsive-json-new='{\"font-size\":\"desktop:25px;\",\"line-height\":\"\"}' ><h2 style=\"font-weight:normal;margin-bottom:20px;\">CE QUE NOUS FAISONS<\/h2><\/div><div class=\"uvc-heading-spacer line_only\" style=\"topheight:3px;\"><span class=\"uvc-headings-line\" style=\"border-style:solid;border-bottom-width:3px;border-color:#f7c51e;width:50px;\"><\/span><\/div><\/div><div class=\"info-wrapper ult-adjust-bottom-margin\"><div id=\"info-circle-wrapper-69f179487b86f\" data-uniqid=\"69f179487b86f\" class=\"info-circle-wrapper  info-circle-responsive\" data-half-percentage=\"70\" data-circle-type=\"full-circle\"><div class=\"info-c-full-br\" style='border:2px dashed #f7c51e;width:60%;opacity:0;' data-start-degree=\"90\" data-divert=\"\" data-info-circle-angle=\"full\" data-responsive-circle=\"on\" data-responsive-breakpoint=\"800\" data-launch=\"linear\" data-launch-duration=\"1\" data-launch-delay=\"0.2\" data-slide-true=\"on\" data-slide-duration=\"5\" data-icon-size=\"28\" data-icon-show=\"show\" data-icon-show-size=\"64\" data-highlight-style=\"info-circle-pop\" data-focus-on=\"hover\"><div  class=\"icon-circle-list\"><div class=\"info-circle-icons\" style=\"background:#e7ebf0;color:#5b626b;border-style:solid;border-width:1px;border-color:#d1d1d1;\" ><img decoding=\"async\" class=\"info-circle-img-icon\" alt=\"null\" src=\"https:\/\/artalu.pt\/wp-content\/uploads\/2020\/08\/caleira.png\"\/><\/div><div class=\"info-details\" data-icon-class=\"ult-info-circle-img\"><div class=\"info-circle-def\"><div  class=\"info-circle-sub-def\"><img decoding=\"async\" class=\"info-circle-img-icon\" alt=\"null\" src=\"https:\/\/artalu.pt\/wp-content\/uploads\/2020\/08\/caleira.png\"\/><div class=\"responsive-font-class ult-responsive\" ><h3  data-ultimate-target='#info-cirlce-wrap-9044 .responsive-font-class h3.new-cust-responsive-class'  data-responsive-json-new='{\"font-size\":\"desktop:24px;\",\"line-height\":\"desktop:32px;\"}'  class=\"info-circle-heading ult-responsive new-cust-responsive-class\" style=\"font-family:&#039;Lato&#039;;font-weight:700;\">Goutti\u00e8res<\/h3><div  class=\"info-circle-text\" style=\"font-family:&#039;Lato&#039;;font-weight:normal;\"><\/div><\/div><\/div><\/div><\/div><div class=\"info-circle-icons\" style=\"background:#e7ebf0;color:#5b626b;border-style:solid;border-width:1px;border-color:#d1d1d1;\" ><img decoding=\"async\" class=\"info-circle-img-icon\" alt=\"null\" src=\"https:\/\/artalu.pt\/wp-content\/uploads\/2020\/08\/rufo-1.png\"\/><\/div><div class=\"info-details\" data-icon-class=\"ult-info-circle-img\"><div class=\"info-circle-def\"><div  class=\"info-circle-sub-def\"><img decoding=\"async\" class=\"info-circle-img-icon\" alt=\"null\" src=\"https:\/\/artalu.pt\/wp-content\/uploads\/2020\/08\/rufo-1.png\"\/><div class=\"responsive-font-class ult-responsive\" ><h3  data-ultimate-target='#info-cirlce-wrap-9044 .responsive-font-class h3.new-cust-responsive-class'  data-responsive-json-new='{\"font-size\":\"desktop:24px;\",\"line-height\":\"desktop:32px;\"}'  class=\"info-circle-heading ult-responsive new-cust-responsive-class\" style=\"font-family:&#039;Lato&#039;;font-weight:700;\">Bandes de solin<\/h3><div  class=\"info-circle-text\" style=\"font-family:&#039;Lato&#039;;font-weight:normal;\"><\/div><\/div><\/div><\/div><\/div><div class=\"info-circle-icons\" style=\"background:#e7ebf0;color:#5b626b;border-style:solid;border-width:1px;border-color:#d1d1d1;\" ><img decoding=\"async\" class=\"info-circle-img-icon\" alt=\"null\" src=\"https:\/\/artalu.pt\/wp-content\/uploads\/2020\/08\/quinagem_icon.png\"\/><\/div><div class=\"info-details\" data-icon-class=\"ult-info-circle-img\"><div class=\"info-circle-def\"><div  class=\"info-circle-sub-def\"><img decoding=\"async\" class=\"info-circle-img-icon\" alt=\"null\" src=\"https:\/\/artalu.pt\/wp-content\/uploads\/2020\/08\/quinagem_icon.png\"\/><div class=\"responsive-font-class ult-responsive\" ><h3  data-ultimate-target='#info-cirlce-wrap-9044 .responsive-font-class h3.new-cust-responsive-class'  data-responsive-json-new='{\"font-size\":\"desktop:24px;\",\"line-height\":\"desktop:32px;\"}'  class=\"info-circle-heading ult-responsive new-cust-responsive-class\" style=\"font-family:&#039;Lato&#039;;font-weight:700;\">Pliage<\/h3><div  class=\"info-circle-text\" style=\"font-family:&#039;Lato&#039;;font-weight:normal;\"><\/div><\/div><\/div><\/div><\/div><div class=\"info-circle-icons\" style=\"background:#e7ebf0;color:#5b626b;border-style:solid;border-width:1px;border-color:#d1d1d1;\" ><img decoding=\"async\" class=\"info-circle-img-icon\" alt=\"null\" src=\"https:\/\/artalu.pt\/wp-content\/uploads\/2020\/08\/juntaagrafada_icon.png\"\/><\/div><div class=\"info-details\" data-icon-class=\"ult-info-circle-img\"><div class=\"info-circle-def\"><div  class=\"info-circle-sub-def\"><img decoding=\"async\" class=\"info-circle-img-icon\" alt=\"null\" src=\"https:\/\/artalu.pt\/wp-content\/uploads\/2020\/08\/juntaagrafada_icon.png\"\/><div class=\"responsive-font-class ult-responsive\" ><h3  data-ultimate-target='#info-cirlce-wrap-9044 .responsive-font-class h3.new-cust-responsive-class'  data-responsive-json-new='{\"font-size\":\"desktop:24px;\",\"line-height\":\"desktop:32px;\"}'  class=\"info-circle-heading ult-responsive new-cust-responsive-class\" style=\"font-family:&#039;Lato&#039;;font-weight:700;\">Joint debout<\/h3><div  class=\"info-circle-text\" style=\"font-family:&#039;Lato&#039;;font-weight:normal;\"><\/div><\/div><\/div><\/div><\/div><\/div><div id=\"info-cirlce-wrap-9044\" class=\"info-c-full\" style=\"background-color:#ffffff;color:#000000;width:80%;height:80%;margin:10%;\"><div class=\"info-c-full-wrap\"><\/div><\/div><\/div><div class=\"smile_icon_list_wrap\" data-content_bg=\"#ffffff\" data-content_color=\"#000000\">\n\t\t\t\t\t\t\t<ul id=\"info-cirlce-wrap-9044\" class=\"smile_icon_list left circle with_bg\"><li class=\"icon_list_item\" style=\"font-size:96px;\">\n\t\t\t\t\t\t\t\t\t<div class=\"icon_list_icon\" style=\"font-size:32px;width:32px;height:32px;line-height:1;\">\n\t\t\t\t\t\t\t\t\t\t<i class=\"smt-pencil\"><\/i>\n\t\t\t\t\t\t\t\t\t<\/div>\n\t\t\t\t\t\t\t\t\t<div  class=\"icon_description\" style=\"font-size:32px;\">\n\t\t\t\t\t\t\t\t\t\t<div class=\"responsive-font-class ult-responsive\"  data-ultimate-target='#info-cirlce-wrap-9044 .responsive-font-class *'  data-responsive-json-new='{\"font-size\":\"\",\"line-height\":\"desktop:24px;\"}'  style=\"font-family:&#039;Lato&#039;;font-weight:normal;\">\n\t\t\t\t\t\t\t\t\t\t\t<h3  data-ultimate-target='#info-cirlce-wrap-9044 .responsive-font-class h3.new-cust-responsive-class'  data-responsive-json-new='{\"font-size\":\"desktop:24px;\",\"line-height\":\"desktop:32px;\"}'  class=\"ult-responsive new-cust-responsive-class\" style=\"font-family:&#039;Lato&#039;;font-weight:700;\"><\/h3>\n\t\t\t\t\t\t\t\t\t\t\t<p><\/p>\n\t\t\t\t\t\t\t\t\t\t<\/div>\n\t\t\t\t\t\t\t\t\t<\/div>\n\t\t\t\t\t\t\t\t\t<div class=\"icon_list_connector\" style=\" border-style:dashed;border-color:#f7c51e; left:16px; top:32px;\">\n\t\t\t\t\t\t\t\t\t<\/div><\/li><\/ul>\n\t\t\t\t\t\t<\/div><\/div><\/div><div class=\"ult-spacer spacer-69f179487c49a\" data-id=\"69f179487c49a\" data-height=\"100\" data-height-mobile=\"25\" data-height-tab=\"50\" data-height-tab-portrait=\"50\" data-height-mobile-landscape=\"25\" style=\"clear:both;display:block;\"><\/div><\/div><\/div><\/div><\/div><div class=\"vc_row-full-width\"><\/div>\n<\/div>","protected":false},"excerpt":{"rendered":"<a href=\"https:\/\/artalu.pt\/fr\/servicos\/zinco\/\" class=\"entry-more pro-btn pro-btn-rounded pro-btn-xxs pro-btn-flat-accent\">Lire la suite<span class=\"screen-reader-text\"> \u00e0 propos du zinc<\/span><\/a>","protected":false},"author":2,"featured_media":0,"parent":11,"menu_order":0,"comment_status":"closed","ping_status":"closed","template":"","meta":{"footnotes":""},"class_list":["post-682","page","type-page","status-publish","hentry"],"yoast_head":"<!-- This site is optimized with the Yoast SEO plugin v26.6 - https:\/\/yoast.com\/wordpress\/plugins\/seo\/ -->\n<title>Zinco - Art Alu<\/title>\n<meta name=\"robots\" content=\"index, follow, max-snippet:-1, max-image-preview:large, max-video-preview:-1\" \/>\n<link rel=\"canonical\" href=\"https:\/\/artalu.pt\/fr\/servicos\/zinco\/\" \/>\n<meta property=\"og:locale\" content=\"fr_FR\" \/>\n<meta property=\"og:type\" content=\"article\" \/>\n<meta property=\"og:title\" content=\"Zinco - Art Alu\" \/>\n<meta property=\"og:url\" content=\"https:\/\/artalu.pt\/fr\/servicos\/zinco\/\" \/>\n<meta property=\"og:site_name\" content=\"Art Alu\" \/>\n<meta property=\"article:publisher\" content=\"https:\/\/www.facebook.com\/Art-alu-537140353141922\/\" \/>\n<meta property=\"article:modified_time\" content=\"2020-08-21T18:03:35+00:00\" \/>\n<meta name=\"twitter:card\" content=\"summary_large_image\" \/>\n<meta name=\"twitter:label1\" content=\"Dur\u00e9e de lecture estim\u00e9e\" \/>\n\t<meta name=\"twitter:data1\" content=\"3 minutes\" \/>\n<script type=\"application\/ld+json\" class=\"yoast-schema-graph\">{\"@context\":\"https:\/\/schema.org\",\"@graph\":[{\"@type\":\"WebPage\",\"@id\":\"https:\/\/artalu.pt\/servicos\/zinco\/\",\"url\":\"https:\/\/artalu.pt\/servicos\/zinco\/\",\"name\":\"Zinco - Art Alu\",\"isPartOf\":{\"@id\":\"https:\/\/artalu.pt\/#website\"},\"datePublished\":\"2020-06-01T00:00:07+00:00\",\"dateModified\":\"2020-08-21T18:03:35+00:00\",\"breadcrumb\":{\"@id\":\"https:\/\/artalu.pt\/servicos\/zinco\/#breadcrumb\"},\"inLanguage\":\"fr-FR\",\"potentialAction\":[{\"@type\":\"ReadAction\",\"target\":[\"https:\/\/artalu.pt\/servicos\/zinco\/\"]}]},{\"@type\":\"BreadcrumbList\",\"@id\":\"https:\/\/artalu.pt\/servicos\/zinco\/#breadcrumb\",\"itemListElement\":[{\"@type\":\"ListItem\",\"position\":1,\"name\":\"In\u00edcio\",\"item\":\"https:\/\/artalu.pt\/\"},{\"@type\":\"ListItem\",\"position\":2,\"name\":\"Servi\u00e7os\",\"item\":\"https:\/\/artalu.pt\/servicos\/\"},{\"@type\":\"ListItem\",\"position\":3,\"name\":\"Zinco\"}]},{\"@type\":\"WebSite\",\"@id\":\"https:\/\/artalu.pt\/#website\",\"url\":\"https:\/\/artalu.pt\/\",\"name\":\"Art Alu\",\"description\":\"Caleiras, Rufos, Junta Agrafada, Port\u00f5es e Tetos Falsos\",\"publisher\":{\"@id\":\"https:\/\/artalu.pt\/#organization\"},\"potentialAction\":[{\"@type\":\"SearchAction\",\"target\":{\"@type\":\"EntryPoint\",\"urlTemplate\":\"https:\/\/artalu.pt\/?s={search_term_string}\"},\"query-input\":{\"@type\":\"PropertyValueSpecification\",\"valueRequired\":true,\"valueName\":\"search_term_string\"}}],\"inLanguage\":\"fr-FR\"},{\"@type\":\"Organization\",\"@id\":\"https:\/\/artalu.pt\/#organization\",\"name\":\"Art Alu - Caleiras, Rufos, Junta Agrafada, Port\u00f5es e Tetos Falsos\",\"url\":\"https:\/\/artalu.pt\/\",\"logo\":{\"@type\":\"ImageObject\",\"inLanguage\":\"fr-FR\",\"@id\":\"https:\/\/artalu.pt\/#\/schema\/logo\/image\/\",\"url\":\"https:\/\/artalu.pt\/wp-content\/uploads\/2020\/06\/logo.png\",\"contentUrl\":\"https:\/\/artalu.pt\/wp-content\/uploads\/2020\/06\/logo.png\",\"width\":235,\"height\":82,\"caption\":\"Art Alu - Caleiras, Rufos, Junta Agrafada, Port\u00f5es e Tetos Falsos\"},\"image\":{\"@id\":\"https:\/\/artalu.pt\/#\/schema\/logo\/image\/\"},\"sameAs\":[\"https:\/\/www.facebook.com\/Art-alu-537140353141922\/\"]}]}<\/script>\n<!-- \/ Yoast SEO plugin. -->","yoast_head_json":{"title":"Zinco - Art Alu","robots":{"index":"index","follow":"follow","max-snippet":"max-snippet:-1","max-image-preview":"max-image-preview:large","max-video-preview":"max-video-preview:-1"},"canonical":"https:\/\/artalu.pt\/fr\/servicos\/zinco\/","og_locale":"fr_FR","og_type":"article","og_title":"Zinco - Art Alu","og_url":"https:\/\/artalu.pt\/fr\/servicos\/zinco\/","og_site_name":"Art Alu","article_publisher":"https:\/\/www.facebook.com\/Art-alu-537140353141922\/","article_modified_time":"2020-08-21T18:03:35+00:00","twitter_card":"summary_large_image","twitter_misc":{"Dur\u00e9e de lecture estim\u00e9e":"3 minutes"},"schema":{"@context":"https:\/\/schema.org","@graph":[{"@type":"WebPage","@id":"https:\/\/artalu.pt\/servicos\/zinco\/","url":"https:\/\/artalu.pt\/servicos\/zinco\/","name":"Zinco - Art Alu","isPartOf":{"@id":"https:\/\/artalu.pt\/#website"},"datePublished":"2020-06-01T00:00:07+00:00","dateModified":"2020-08-21T18:03:35+00:00","breadcrumb":{"@id":"https:\/\/artalu.pt\/servicos\/zinco\/#breadcrumb"},"inLanguage":"fr-FR","potentialAction":[{"@type":"ReadAction","target":["https:\/\/artalu.pt\/servicos\/zinco\/"]}]},{"@type":"BreadcrumbList","@id":"https:\/\/artalu.pt\/servicos\/zinco\/#breadcrumb","itemListElement":[{"@type":"ListItem","position":1,"name":"In\u00edcio","item":"https:\/\/artalu.pt\/"},{"@type":"ListItem","position":2,"name":"Servi\u00e7os","item":"https:\/\/artalu.pt\/servicos\/"},{"@type":"ListItem","position":3,"name":"Zinco"}]},{"@type":"WebSite","@id":"https:\/\/artalu.pt\/#website","url":"https:\/\/artalu.pt\/","name":"Art Alu","description":"Caleiras, Rufos, Junta Agrafada, Port\u00f5es e Tetos Falsos","publisher":{"@id":"https:\/\/artalu.pt\/#organization"},"potentialAction":[{"@type":"SearchAction","target":{"@type":"EntryPoint","urlTemplate":"https:\/\/artalu.pt\/?s={search_term_string}"},"query-input":{"@type":"PropertyValueSpecification","valueRequired":true,"valueName":"search_term_string"}}],"inLanguage":"fr-FR"},{"@type":"Organization","@id":"https:\/\/artalu.pt\/#organization","name":"Art Alu - Caleiras, Rufos, Junta Agrafada, Port\u00f5es e Tetos Falsos","url":"https:\/\/artalu.pt\/","logo":{"@type":"ImageObject","inLanguage":"fr-FR","@id":"https:\/\/artalu.pt\/#\/schema\/logo\/image\/","url":"https:\/\/artalu.pt\/wp-content\/uploads\/2020\/06\/logo.png","contentUrl":"https:\/\/artalu.pt\/wp-content\/uploads\/2020\/06\/logo.png","width":235,"height":82,"caption":"Art Alu - Caleiras, Rufos, Junta Agrafada, Port\u00f5es e Tetos Falsos"},"image":{"@id":"https:\/\/artalu.pt\/#\/schema\/logo\/image\/"},"sameAs":["https:\/\/www.facebook.com\/Art-alu-537140353141922\/"]}]}},"_links":{"self":[{"href":"https:\/\/artalu.pt\/fr\/wp-json\/wp\/v2\/pages\/682","targetHints":{"allow":["GET"]}}],"collection":[{"href":"https:\/\/artalu.pt\/fr\/wp-json\/wp\/v2\/pages"}],"about":[{"href":"https:\/\/artalu.pt\/fr\/wp-json\/wp\/v2\/types\/page"}],"author":[{"embeddable":true,"href":"https:\/\/artalu.pt\/fr\/wp-json\/wp\/v2\/users\/2"}],"replies":[{"embeddable":true,"href":"https:\/\/artalu.pt\/fr\/wp-json\/wp\/v2\/comments?post=682"}],"version-history":[{"count":0,"href":"https:\/\/artalu.pt\/fr\/wp-json\/wp\/v2\/pages\/682\/revisions"}],"up":[{"embeddable":true,"href":"https:\/\/artalu.pt\/fr\/wp-json\/wp\/v2\/pages\/11"}],"wp:attachment":[{"href":"https:\/\/artalu.pt\/fr\/wp-json\/wp\/v2\/media?parent=682"}],"curies":[{"name":"wp","href":"https:\/\/api.w.org\/{rel}","templated":true}]}}